{"id":29,"date":"2022-09-11T06:26:54","date_gmt":"2022-09-11T04:26:54","guid":{"rendered":"http:\/\/donkeys.ravii.de\/?page_id=29"},"modified":"2025-02-05T21:30:10","modified_gmt":"2025-02-05T20:30:10","slug":"sportplatz","status":"publish","type":"page","link":"https:\/\/berlin-donkeys.de\/en\/sportplatz\/","title":{"rendered":"Ballpark"},"content":{"rendered":"<div class=\"vc_row wpb_row vc_row-fluid\"><div class=\"wpb_column vc_column_container vc_col-sm-12\"><div class=\"vc_column-inner\"><div class=\"wpb_wrapper\">\n\t<div class=\"wpb_text_column wpb_content_element\" >\n\t\t<div class=\"wpb_wrapper\">\n\t\t\t<p>Wir spielen prim\u00e4r auf dem Defender Softball Field im S\u00fcden Berlins. Dieser wird vom DSL e.V. betreut und erlaubt den teilnehmenden Teams neben dem regul\u00e4ren Spieltag am Samstag auch Trainingszeiten zu nutzen.<\/p>\n\n\t\t<\/div>\n\t<\/div>\n\n\t<div class=\"wpb_raw_code wpb_content_element wpb_raw_html\" >\n\t\t<div class=\"wpb_wrapper\">\n\t\t\t<iframe src=\"https:\/\/www.google.com\/maps\/embed?pb=!1m18!1m12!1m3!1d2432.7009900316743!2d13.313272577765566!3d52.43021534287173!2m3!1f0!2f0!3f0!3m2!1i1024!2i768!4f13.1!3m3!1m2!1s0x47a85afb36192c65%3A0x4775c1217861b4ca!2sDefender%20Field%20-%20Baseball%20-%20Softball!5e0!3m2!1sde!2sde!4v1738787186408!5m2!1sde!2sde\" width=\"900\" height=\"400\" style=\"border:0;\" allowfullscreen=\"\" loading=\"lazy\" referrerpolicy=\"no-referrer-when-downgrade\"><\/iframe>\n\t\t<\/div>\n\t<\/div>\n\n\t<div class=\"wpb_text_column wpb_content_element\" >\n\t\t<div class=\"wpb_wrapper\">\n\t\t\t<p><!-- \/wp:post-content --><br \/><!-- wp:paragraph \/--><\/p>\n<p><!-- wp:paragraph -->Und damit uns im Winter nicht die B\u00e4lle an der Hand fest frieren, haben wir auch die M\u00f6glichkeit in der Halle zu trainieren. Diese wechseln ggf. j\u00e4hrlich je nach Verf\u00fcgbarkeit. Aktuell sind wir, abh\u00e4ngig vom Wetter, von November bis M\u00e4rz im Stall.<\/p>\n\n\t\t<\/div>\n\t<\/div>\n\n\t<div class=\"wpb_raw_code wpb_content_element wpb_raw_html\" >\n\t\t<div class=\"wpb_wrapper\">\n\t\t\t<iframe src=\"https:\/\/www.google.com\/maps\/embed?pb=!1m18!1m12!1m3!1d607.1909823736023!2d13.388362633419696!3d52.50504609927215!2m3!1f0!2f0!3f0!3m2!1i1024!2i768!4f13.1!3m3!1m2!1s0x47a851d3a19b9e7d%3A0x39ba821d6ff496cd!2sKurt-Schumacher-Grundschule!5e0!3m2!1sde!2sde!4v1668108910046!5m2!1sde!2sde\" width=\"900\" height=\"400\" style=\"border:0;\" allowfullscreen=\"\" loading=\"lazy\" referrerpolicy=\"no-referrer-when-downgrade\"><\/iframe>\n\t\t<\/div>\n\t<\/div>\n<\/div><\/div><\/div><\/div>","protected":false},"excerpt":{"rendered":"Wir spielen prim\u00e4r auf dem Defender Softball Field im S\u00fcden Berlins. Dieser wird vom DSL e.V. betreut und erlaubt den teilnehmenden Teams neben dem regul\u00e4ren Spieltag am Samstag auch Trainingszeiten zu nutzen. Und damit uns im Winter nicht die B\u00e4lle an der Hand fest frieren, haben wir auch die M\u00f6glichkeit in der Halle zu trainieren. [...]","protected":false},"author":1,"featured_media":0,"parent":0,"menu_order":800,"comment_status":"closed","ping_status":"closed","template":"","meta":{"footnotes":""},"class_list":["post-29","page","type-page","status-publish","hentry"],"yoast_head":"<!-- This site is optimized with the Yoast SEO plugin v27.3 - https:\/\/yoast.com\/product\/yoast-seo-wordpress\/ -->\n<title>Sportplatz - Donkeys Berlin<\/title>\n<meta name=\"robots\" content=\"index, follow, max-snippet:-1, max-image-preview:large, max-video-preview:-1\" \/>\n<link rel=\"canonical\" href=\"https:\/\/berlin-donkeys.de\/en\/sportplatz\/\" \/>\n<meta property=\"og:locale\" content=\"en_US\" \/>\n<meta property=\"og:type\" content=\"article\" \/>\n<meta property=\"og:title\" content=\"Sportplatz - Donkeys Berlin\" \/>\n<meta property=\"og:url\" content=\"https:\/\/berlin-donkeys.de\/en\/sportplatz\/\" \/>\n<meta property=\"og:site_name\" content=\"Donkeys Berlin\" \/>\n<meta property=\"article:modified_time\" content=\"2025-02-05T20:30:10+00:00\" \/>\n<meta name=\"twitter:card\" content=\"summary_large_image\" \/>\n<meta name=\"twitter:label1\" content=\"Est. reading time\" \/>\n\t<meta name=\"twitter:data1\" content=\"1 minute\" \/>\n<script type=\"application\/ld+json\" class=\"yoast-schema-graph\">{\"@context\":\"https:\\\/\\\/schema.org\",\"@graph\":[{\"@type\":\"WebPage\",\"@id\":\"https:\\\/\\\/berlin-donkeys.de\\\/sportplatz\\\/\",\"url\":\"https:\\\/\\\/berlin-donkeys.de\\\/sportplatz\\\/\",\"name\":\"Sportplatz - Donkeys Berlin\",\"isPartOf\":{\"@id\":\"https:\\\/\\\/berlin-donkeys.de\\\/#website\"},\"datePublished\":\"2022-09-11T04:26:54+00:00\",\"dateModified\":\"2025-02-05T20:30:10+00:00\",\"breadcrumb\":{\"@id\":\"https:\\\/\\\/berlin-donkeys.de\\\/sportplatz\\\/#breadcrumb\"},\"inLanguage\":\"en-US\",\"potentialAction\":[{\"@type\":\"ReadAction\",\"target\":[\"https:\\\/\\\/berlin-donkeys.de\\\/sportplatz\\\/\"]}]},{\"@type\":\"BreadcrumbList\",\"@id\":\"https:\\\/\\\/berlin-donkeys.de\\\/sportplatz\\\/#breadcrumb\",\"itemListElement\":[{\"@type\":\"ListItem\",\"position\":1,\"name\":\"Home\",\"item\":\"https:\\\/\\\/berlin-donkeys.de\\\/\"},{\"@type\":\"ListItem\",\"position\":2,\"name\":\"Sportplatz\"}]},{\"@type\":\"WebSite\",\"@id\":\"https:\\\/\\\/berlin-donkeys.de\\\/#website\",\"url\":\"https:\\\/\\\/berlin-donkeys.de\\\/\",\"name\":\"Berlin Donkeys\",\"description\":\"Die freundlichen Esel aus der Nachbarschaft\",\"publisher\":{\"@id\":\"https:\\\/\\\/berlin-donkeys.de\\\/#organization\"},\"potentialAction\":[{\"@type\":\"SearchAction\",\"target\":{\"@type\":\"EntryPoint\",\"urlTemplate\":\"https:\\\/\\\/berlin-donkeys.de\\\/?s={search_term_string}\"},\"query-input\":{\"@type\":\"PropertyValueSpecification\",\"valueRequired\":true,\"valueName\":\"search_term_string\"}}],\"inLanguage\":\"en-US\"},{\"@type\":\"Organization\",\"@id\":\"https:\\\/\\\/berlin-donkeys.de\\\/#organization\",\"name\":\"Berlin Donkeys\",\"url\":\"https:\\\/\\\/berlin-donkeys.de\\\/\",\"logo\":{\"@type\":\"ImageObject\",\"inLanguage\":\"en-US\",\"@id\":\"https:\\\/\\\/berlin-donkeys.de\\\/#\\\/schema\\\/logo\\\/image\\\/\",\"url\":\"https:\\\/\\\/berlin-donkeys.de\\\/wp-content\\\/uploads\\\/2022\\\/09\\\/Logo2020_Unicorns.png\",\"contentUrl\":\"https:\\\/\\\/berlin-donkeys.de\\\/wp-content\\\/uploads\\\/2022\\\/09\\\/Logo2020_Unicorns.png\",\"width\":500,\"height\":248,\"caption\":\"Berlin Donkeys\"},\"image\":{\"@id\":\"https:\\\/\\\/berlin-donkeys.de\\\/#\\\/schema\\\/logo\\\/image\\\/\"}}]}<\/script>\n<!-- \/ Yoast SEO plugin. -->","yoast_head_json":{"title":"Sportplatz - Donkeys Berlin","robots":{"index":"index","follow":"follow","max-snippet":"max-snippet:-1","max-image-preview":"max-image-preview:large","max-video-preview":"max-video-preview:-1"},"canonical":"https:\/\/berlin-donkeys.de\/en\/sportplatz\/","og_locale":"en_US","og_type":"article","og_title":"Sportplatz - Donkeys Berlin","og_url":"https:\/\/berlin-donkeys.de\/en\/sportplatz\/","og_site_name":"Donkeys Berlin","article_modified_time":"2025-02-05T20:30:10+00:00","twitter_card":"summary_large_image","twitter_misc":{"Est. reading time":"1 minute"},"schema":{"@context":"https:\/\/schema.org","@graph":[{"@type":"WebPage","@id":"https:\/\/berlin-donkeys.de\/sportplatz\/","url":"https:\/\/berlin-donkeys.de\/sportplatz\/","name":"Sportplatz - Donkeys Berlin","isPartOf":{"@id":"https:\/\/berlin-donkeys.de\/#website"},"datePublished":"2022-09-11T04:26:54+00:00","dateModified":"2025-02-05T20:30:10+00:00","breadcrumb":{"@id":"https:\/\/berlin-donkeys.de\/sportplatz\/#breadcrumb"},"inLanguage":"en-US","potentialAction":[{"@type":"ReadAction","target":["https:\/\/berlin-donkeys.de\/sportplatz\/"]}]},{"@type":"BreadcrumbList","@id":"https:\/\/berlin-donkeys.de\/sportplatz\/#breadcrumb","itemListElement":[{"@type":"ListItem","position":1,"name":"Home","item":"https:\/\/berlin-donkeys.de\/"},{"@type":"ListItem","position":2,"name":"Sportplatz"}]},{"@type":"WebSite","@id":"https:\/\/berlin-donkeys.de\/#website","url":"https:\/\/berlin-donkeys.de\/","name":"Berlin Donkeys","description":"Die freundlichen Esel aus der Nachbarschaft","publisher":{"@id":"https:\/\/berlin-donkeys.de\/#organization"},"potentialAction":[{"@type":"SearchAction","target":{"@type":"EntryPoint","urlTemplate":"https:\/\/berlin-donkeys.de\/?s={search_term_string}"},"query-input":{"@type":"PropertyValueSpecification","valueRequired":true,"valueName":"search_term_string"}}],"inLanguage":"en-US"},{"@type":"Organization","@id":"https:\/\/berlin-donkeys.de\/#organization","name":"Berlin Donkeys","url":"https:\/\/berlin-donkeys.de\/","logo":{"@type":"ImageObject","inLanguage":"en-US","@id":"https:\/\/berlin-donkeys.de\/#\/schema\/logo\/image\/","url":"https:\/\/berlin-donkeys.de\/wp-content\/uploads\/2022\/09\/Logo2020_Unicorns.png","contentUrl":"https:\/\/berlin-donkeys.de\/wp-content\/uploads\/2022\/09\/Logo2020_Unicorns.png","width":500,"height":248,"caption":"Berlin Donkeys"},"image":{"@id":"https:\/\/berlin-donkeys.de\/#\/schema\/logo\/image\/"}}]}},"jetpack_sharing_enabled":true,"_links":{"self":[{"href":"https:\/\/berlin-donkeys.de\/en\/wp-json\/wp\/v2\/pages\/29","targetHints":{"allow":["GET"]}}],"collection":[{"href":"https:\/\/berlin-donkeys.de\/en\/wp-json\/wp\/v2\/pages"}],"about":[{"href":"https:\/\/berlin-donkeys.de\/en\/wp-json\/wp\/v2\/types\/page"}],"author":[{"embeddable":true,"href":"https:\/\/berlin-donkeys.de\/en\/wp-json\/wp\/v2\/users\/1"}],"replies":[{"embeddable":true,"href":"https:\/\/berlin-donkeys.de\/en\/wp-json\/wp\/v2\/comments?post=29"}],"version-history":[{"count":6,"href":"https:\/\/berlin-donkeys.de\/en\/wp-json\/wp\/v2\/pages\/29\/revisions"}],"predecessor-version":[{"id":1331,"href":"https:\/\/berlin-donkeys.de\/en\/wp-json\/wp\/v2\/pages\/29\/revisions\/1331"}],"wp:attachment":[{"href":"https:\/\/berlin-donkeys.de\/en\/wp-json\/wp\/v2\/media?parent=29"}],"curies":[{"name":"wp","href":"https:\/\/api.w.org\/{rel}","templated":true}]}}