{"id":212,"date":"2022-09-30T08:51:02","date_gmt":"2022-09-30T06:51:02","guid":{"rendered":"http:\/\/donkeys.ravii.de\/?page_id=212"},"modified":"2023-02-20T20:45:46","modified_gmt":"2023-02-20T19:45:46","slug":"engagement","status":"publish","type":"page","link":"https:\/\/berlin-donkeys.de\/en\/engagement\/","title":{"rendered":"Commitment"},"content":{"rendered":"<div class=\"vc_row wpb_row vc_row-fluid\"><div class=\"wpb_column vc_column_container vc_col-sm-12\"><div class=\"vc_column-inner\"><div class=\"wpb_wrapper\">\n\t<div class=\"wpb_text_column wpb_content_element\" >\n\t\t<div class=\"wpb_wrapper\">\n\t\t\t<p>We are committing regulary to the sport and social matters aside and are happy to get things moving together.<\/p>\n\n\t\t<\/div>\n\t<\/div>\n<\/div><\/div><\/div><\/div><div class=\"vc_row wpb_row vc_row-fluid\"><div class=\"wpb_column vc_column_container vc_col-sm-6\"><div class=\"vc_column-inner\"><div class=\"wpb_wrapper\"><div class=\"vc_separator wpb_content_element vc_separator_align_center vc_sep_width_100 vc_sep_pos_align_center vc_sep_color_grey vc_separator-has-text\" ><span class=\"vc_sep_holder vc_sep_holder_l\"><span  class=\"vc_sep_line\"><\/span><\/span><h4>Patenschaft<\/h4><span class=\"vc_sep_holder vc_sep_holder_r\"><span  class=\"vc_sep_line\"><\/span><\/span>\n<\/div>\n\t<div class=\"wpb_text_column wpb_content_element\" >\n\t\t<div class=\"wpb_wrapper\">\n\t\t\t<p>Our spirit animal is the donkey, as probably easy to catch. But not every Donkeys was as lucky as us so far.<\/p>\n\n\t\t<\/div>\n\t<\/div>\n\n\t<div class=\"wpb_text_column wpb_content_element\" >\n\t\t<div class=\"wpb_wrapper\">\n\t\t\t<p>Von 2019 bis 2023 haben wir die Patenschaft f\u00fcr &#8222;Diego&#8220; \u00fcbernommen. Er befand sich auf einem <span class=\"x193iq5w xeuugli x13faqbe x1vvkbs x1xmvt09 x1lliihq x1s928wv xhkezso x1gmr53x x1cpjm7i x1fgarty x1943h6x xudqn12 x3x7a5m x1f6kntn xvq8zen xo1l8bm xzsf02u x1yc453h\" dir=\"auto\">Gnadenhof am Bodensee<\/span> From 2019 up to 2023 we took over the sponsorship for \"Diego\". He was living in an animal sanctuary of \"Esel in Not e.V.\" near the Bodensee and became a proud 30 years old until he died.<\/p>\n\n\t\t<\/div>\n\t<\/div>\n\n\t<div  class=\"wpb_single_image wpb_content_element vc_align_center\">\n\t\t\n\t\t<figure class=\"wpb_wrapper vc_figure\">\n\t\t\t<div class=\"vc_single_image-wrapper   vc_box_border_grey\"><img loading=\"lazy\" decoding=\"async\" width=\"150\" height=\"150\" src=\"https:\/\/berlin-donkeys.de\/wp-content\/uploads\/2022\/10\/176187352_6116570361702598_7040285132485196865_n-150x150.jpg\" class=\"vc_single_image-img attachment-thumbnail\" alt=\"\" title=\"176187352_6116570361702598_7040285132485196865_n\" srcset=\"https:\/\/berlin-donkeys.de\/wp-content\/uploads\/2022\/10\/176187352_6116570361702598_7040285132485196865_n-150x150.jpg 150w, https:\/\/berlin-donkeys.de\/wp-content\/uploads\/2022\/10\/176187352_6116570361702598_7040285132485196865_n-300x300.jpg 300w\" sizes=\"auto, (max-width: 150px) 100vw, 150px\" \/><\/div>\n\t\t<\/figure>\n\t<\/div>\n<div class=\"vc_separator wpb_content_element vc_separator_align_center vc_sep_width_100 vc_sep_pos_align_center vc_sep_color_grey vc_separator-has-text\" ><span class=\"vc_sep_holder vc_sep_holder_l\"><span  class=\"vc_sep_line\"><\/span><\/span><h4>Sportangebote<\/h4><span class=\"vc_sep_holder vc_sep_holder_r\"><span  class=\"vc_sep_line\"><\/span><\/span>\n<\/div>\n\t<div class=\"wpb_text_column wpb_content_element\" >\n\t\t<div class=\"wpb_wrapper\">\n\t\t\t<p>The Donkeys are committed to making the sport better known. Projects that bring non-sports enthusiasts closer to softball are always being supported. For example, the health insurance association was a guest on one day of action, as were elementary schools and high schools in Berlin on two sports days.<\/p>\n<p>We also offer pick-up days, where even beginners have the opportunity to make contacts in the community and get to know teams and players from different leagues.<\/p>\n\n\t\t<\/div>\n\t<\/div>\n<\/div><\/div><\/div><div class=\"wpb_column vc_column_container vc_col-sm-6\"><div class=\"vc_column-inner\"><div class=\"wpb_wrapper\"><div class=\"vc_separator wpb_content_element vc_separator_align_center vc_sep_width_100 vc_sep_pos_align_center vc_sep_color_grey vc_separator-has-text\" ><span class=\"vc_sep_holder vc_sep_holder_l\"><span  class=\"vc_sep_line\"><\/span><\/span><h4>Spendenaktionen<\/h4><span class=\"vc_sep_holder vc_sep_holder_r\"><span  class=\"vc_sep_line\"><\/span><\/span>\n<\/div>\n\t<div class=\"wpb_text_column wpb_content_element\" >\n\t\t<div class=\"wpb_wrapper\">\n\t\t\t<p>Since the team was founded, we have held a big tournament almost every summer, where the catering profit goes to a good cause. We would like to thank all participants, with whose generosity such actions are only possible, and the sponsors, who provide us with a lot of food and drink.<\/p>\n<p><strong>Supported projects<\/strong><br \/>\nEsel in Not e.V.<br \/>\nHelden f\u00fcr Herzen e.V.<br \/>\nStra\u00dfenkinder e.V.<\/p>\n\n\t\t<\/div>\n\t<\/div>\n<\/div><\/div><\/div><\/div>","protected":false},"excerpt":{"rendered":"Wir engagieren uns regelm\u00e4\u00dfig f\u00fcr und auch neben dem Sport und freuen uns gemeinsam Dinge in Bewegung zu bringen Patenschaft Unser Leittier ist der Esel, wie man unschwer erkennen kann. Aber nicht jedem Esel geht es so entspannt wie uns. Von 2019 bis 2023 haben wir die Patenschaft f\u00fcr \"Diego\" \u00fcbernommen. Er befand sich auf [...]","protected":false},"author":1,"featured_media":0,"parent":0,"menu_order":0,"comment_status":"closed","ping_status":"closed","template":"","meta":{"footnotes":""},"class_list":["post-212","page","type-page","status-publish","hentry"],"yoast_head":"<!-- This site is optimized with the Yoast SEO plugin v27.4 - https:\/\/yoast.com\/product\/yoast-seo-wordpress\/ -->\n<title>Engagement - Donkeys Berlin<\/title>\n<meta name=\"robots\" content=\"index, follow, max-snippet:-1, max-image-preview:large, max-video-preview:-1\" \/>\n<link rel=\"canonical\" href=\"https:\/\/berlin-donkeys.de\/en\/engagement\/\" \/>\n<meta property=\"og:locale\" content=\"en_US\" \/>\n<meta property=\"og:type\" content=\"article\" \/>\n<meta property=\"og:title\" content=\"Engagement - Donkeys Berlin\" \/>\n<meta property=\"og:url\" content=\"https:\/\/berlin-donkeys.de\/en\/engagement\/\" \/>\n<meta property=\"og:site_name\" content=\"Donkeys Berlin\" \/>\n<meta property=\"article:modified_time\" content=\"2023-02-20T19:45:46+00:00\" \/>\n<meta name=\"twitter:card\" content=\"summary_large_image\" \/>\n<meta name=\"twitter:label1\" content=\"Est. reading time\" \/>\n\t<meta name=\"twitter:data1\" content=\"2 minutes\" \/>\n<script type=\"application\/ld+json\" class=\"yoast-schema-graph\">{\"@context\":\"https:\\\/\\\/schema.org\",\"@graph\":[{\"@type\":\"WebPage\",\"@id\":\"https:\\\/\\\/berlin-donkeys.de\\\/en\\\/engagement\\\/\",\"url\":\"https:\\\/\\\/berlin-donkeys.de\\\/en\\\/engagement\\\/\",\"name\":\"Engagement - Donkeys Berlin\",\"isPartOf\":{\"@id\":\"https:\\\/\\\/berlin-donkeys.de\\\/#website\"},\"datePublished\":\"2022-09-30T06:51:02+00:00\",\"dateModified\":\"2023-02-20T19:45:46+00:00\",\"breadcrumb\":{\"@id\":\"https:\\\/\\\/berlin-donkeys.de\\\/en\\\/engagement\\\/#breadcrumb\"},\"inLanguage\":\"en-US\",\"potentialAction\":[{\"@type\":\"ReadAction\",\"target\":[\"https:\\\/\\\/berlin-donkeys.de\\\/en\\\/engagement\\\/\"]}]},{\"@type\":\"BreadcrumbList\",\"@id\":\"https:\\\/\\\/berlin-donkeys.de\\\/en\\\/engagement\\\/#breadcrumb\",\"itemListElement\":[{\"@type\":\"ListItem\",\"position\":1,\"name\":\"Home\",\"item\":\"https:\\\/\\\/berlin-donkeys.de\\\/\"},{\"@type\":\"ListItem\",\"position\":2,\"name\":\"Engagement\"}]},{\"@type\":\"WebSite\",\"@id\":\"https:\\\/\\\/berlin-donkeys.de\\\/#website\",\"url\":\"https:\\\/\\\/berlin-donkeys.de\\\/\",\"name\":\"Berlin Donkeys\",\"description\":\"Die freundlichen Esel aus der Nachbarschaft\",\"publisher\":{\"@id\":\"https:\\\/\\\/berlin-donkeys.de\\\/#organization\"},\"potentialAction\":[{\"@type\":\"SearchAction\",\"target\":{\"@type\":\"EntryPoint\",\"urlTemplate\":\"https:\\\/\\\/berlin-donkeys.de\\\/?s={search_term_string}\"},\"query-input\":{\"@type\":\"PropertyValueSpecification\",\"valueRequired\":true,\"valueName\":\"search_term_string\"}}],\"inLanguage\":\"en-US\"},{\"@type\":\"Organization\",\"@id\":\"https:\\\/\\\/berlin-donkeys.de\\\/#organization\",\"name\":\"Berlin Donkeys\",\"url\":\"https:\\\/\\\/berlin-donkeys.de\\\/\",\"logo\":{\"@type\":\"ImageObject\",\"inLanguage\":\"en-US\",\"@id\":\"https:\\\/\\\/berlin-donkeys.de\\\/#\\\/schema\\\/logo\\\/image\\\/\",\"url\":\"https:\\\/\\\/berlin-donkeys.de\\\/wp-content\\\/uploads\\\/2022\\\/09\\\/Logo2020_Unicorns.png\",\"contentUrl\":\"https:\\\/\\\/berlin-donkeys.de\\\/wp-content\\\/uploads\\\/2022\\\/09\\\/Logo2020_Unicorns.png\",\"width\":500,\"height\":248,\"caption\":\"Berlin Donkeys\"},\"image\":{\"@id\":\"https:\\\/\\\/berlin-donkeys.de\\\/#\\\/schema\\\/logo\\\/image\\\/\"}}]}<\/script>\n<!-- \/ Yoast SEO plugin. -->","yoast_head_json":{"title":"Engagement - Donkeys Berlin","robots":{"index":"index","follow":"follow","max-snippet":"max-snippet:-1","max-image-preview":"max-image-preview:large","max-video-preview":"max-video-preview:-1"},"canonical":"https:\/\/berlin-donkeys.de\/en\/engagement\/","og_locale":"en_US","og_type":"article","og_title":"Engagement - Donkeys Berlin","og_url":"https:\/\/berlin-donkeys.de\/en\/engagement\/","og_site_name":"Donkeys Berlin","article_modified_time":"2023-02-20T19:45:46+00:00","twitter_card":"summary_large_image","twitter_misc":{"Est. reading time":"2 minutes"},"schema":{"@context":"https:\/\/schema.org","@graph":[{"@type":"WebPage","@id":"https:\/\/berlin-donkeys.de\/en\/engagement\/","url":"https:\/\/berlin-donkeys.de\/en\/engagement\/","name":"Engagement - Donkeys Berlin","isPartOf":{"@id":"https:\/\/berlin-donkeys.de\/#website"},"datePublished":"2022-09-30T06:51:02+00:00","dateModified":"2023-02-20T19:45:46+00:00","breadcrumb":{"@id":"https:\/\/berlin-donkeys.de\/en\/engagement\/#breadcrumb"},"inLanguage":"en-US","potentialAction":[{"@type":"ReadAction","target":["https:\/\/berlin-donkeys.de\/en\/engagement\/"]}]},{"@type":"BreadcrumbList","@id":"https:\/\/berlin-donkeys.de\/en\/engagement\/#breadcrumb","itemListElement":[{"@type":"ListItem","position":1,"name":"Home","item":"https:\/\/berlin-donkeys.de\/"},{"@type":"ListItem","position":2,"name":"Engagement"}]},{"@type":"WebSite","@id":"https:\/\/berlin-donkeys.de\/#website","url":"https:\/\/berlin-donkeys.de\/","name":"Berlin Donkeys","description":"Die freundlichen Esel aus der Nachbarschaft","publisher":{"@id":"https:\/\/berlin-donkeys.de\/#organization"},"potentialAction":[{"@type":"SearchAction","target":{"@type":"EntryPoint","urlTemplate":"https:\/\/berlin-donkeys.de\/?s={search_term_string}"},"query-input":{"@type":"PropertyValueSpecification","valueRequired":true,"valueName":"search_term_string"}}],"inLanguage":"en-US"},{"@type":"Organization","@id":"https:\/\/berlin-donkeys.de\/#organization","name":"Berlin Donkeys","url":"https:\/\/berlin-donkeys.de\/","logo":{"@type":"ImageObject","inLanguage":"en-US","@id":"https:\/\/berlin-donkeys.de\/#\/schema\/logo\/image\/","url":"https:\/\/berlin-donkeys.de\/wp-content\/uploads\/2022\/09\/Logo2020_Unicorns.png","contentUrl":"https:\/\/berlin-donkeys.de\/wp-content\/uploads\/2022\/09\/Logo2020_Unicorns.png","width":500,"height":248,"caption":"Berlin Donkeys"},"image":{"@id":"https:\/\/berlin-donkeys.de\/#\/schema\/logo\/image\/"}}]}},"jetpack_sharing_enabled":true,"_links":{"self":[{"href":"https:\/\/berlin-donkeys.de\/en\/wp-json\/wp\/v2\/pages\/212","targetHints":{"allow":["GET"]}}],"collection":[{"href":"https:\/\/berlin-donkeys.de\/en\/wp-json\/wp\/v2\/pages"}],"about":[{"href":"https:\/\/berlin-donkeys.de\/en\/wp-json\/wp\/v2\/types\/page"}],"author":[{"embeddable":true,"href":"https:\/\/berlin-donkeys.de\/en\/wp-json\/wp\/v2\/users\/1"}],"replies":[{"embeddable":true,"href":"https:\/\/berlin-donkeys.de\/en\/wp-json\/wp\/v2\/comments?post=212"}],"version-history":[{"count":6,"href":"https:\/\/berlin-donkeys.de\/en\/wp-json\/wp\/v2\/pages\/212\/revisions"}],"predecessor-version":[{"id":1041,"href":"https:\/\/berlin-donkeys.de\/en\/wp-json\/wp\/v2\/pages\/212\/revisions\/1041"}],"wp:attachment":[{"href":"https:\/\/berlin-donkeys.de\/en\/wp-json\/wp\/v2\/media?parent=212"}],"curies":[{"name":"wp","href":"https:\/\/api.w.org\/{rel}","templated":true}]}}