{"id":2,"date":"2022-09-07T07:02:00","date_gmt":"2022-09-07T07:02:00","guid":{"rendered":"http:\/\/donkeys.ravii.de\/?page_id=2"},"modified":"2025-02-05T21:30:27","modified_gmt":"2025-02-05T20:30:27","slug":"home","status":"publish","type":"page","link":"https:\/\/berlin-donkeys.de\/en\/","title":{"rendered":"Home"},"content":{"rendered":"<div class=\"vc_row wpb_row vc_row-fluid\"><div class=\"wpb_column vc_column_container vc_col-sm-12\"><div class=\"vc_column-inner\"><div class=\"wpb_wrapper\"><h1 style=\"text-align: center;font-family:Droid Serif;font-weight:400;font-style:normal\" class=\"vc_custom_heading\" >Welcome to the Donkeys<\/h1><p style=\"font-size: 30px;text-align: center;font-family:Great Vibes;font-weight:400;font-style:normal\" class=\"vc_custom_heading wpb_animate_when_almost_visible wpb_flipInX flipInX\" >Wir sind das Team mit Berlin im Herzen<\/p>\n\t<div class=\"wpb_text_column wpb_content_element\" >\n\t\t<div class=\"wpb_wrapper\">\n\t\t\t<p>The Donkeys is a slowpitch softball team and was founded in 2013 originally to participate in a single tournament.<\/p>\n<p>Wir sind mittlerweile gewachsen und z\u00e4hlen um die 30 Mitglieder aus unterschiedlichsten Altersgruppen und Spielst\u00e4rken. Man findet uns bei verschiedenen Tunieren in Berlin und dem Rest der Republik sowie in den Berliner Freizeitligen <a href=\"https:\/\/berlin-donkeys.de\/en\/team\/berlin-donkeys-dsl\/\">DSL (Slowpitch)<\/a> und vereinzelte Spieler auch in Gemeinschaft mit anderen Mannschaften in der <a href=\"https:\/\/berlin-donkeys.de\/en\/team\/berlin-donkeys-msl\/\">MSL (Fastpitch).<\/a><\/p>\n<p>On these pages we'd like to invite you to have a look on what we do and who we are or get a glimpse on what's going on in Berlins softball bubble<\/p>\n<p>&nbsp;<\/p>\n\n\t\t<\/div>\n\t<\/div>\n<\/div><\/div><\/div><\/div><div class=\"vc_row wpb_row vc_row-fluid\"><div class=\"wpb_column vc_column_container vc_col-sm-12\"><div class=\"vc_column-inner\"><div class=\"wpb_wrapper\"><section class=\"vc_cta3-container\"><div class=\"vc_general vc_cta3 vc_cta3-style-3d vc_cta3-shape-rounded vc_cta3-align-left vc_cta3-color-green vc_cta3-icon-size-md\"><div class=\"vc_cta3_content-container\"><div class=\"vc_cta3-content\"><header class=\"vc_cta3-content-header\"><h2 style=\"color: #000000;text-align: center;font-family:Stardos Stencil;font-weight:400;font-style:normal\" class=\"vc_custom_heading wpb_animate_when_almost_visible wpb_slideInDown slideInDown\" >We want you!<\/h2><\/header><p>We are always happy to meet new people. We do not care how experienced you are in softball or other sports, where you come from or if you put cereals or milk in the bowl first.<\/p>\n<p>If you are interested in us, feel free to drop us a message at <a href=\"mailto:kontakt@berlin-donkeys.de\" target=\"_blank\" rel=\"noopener\">kontakt@berlin-donkeys.de<\/a> or meet us directly on the ballpark or in our winter gym. The training hours are noted <a href=\"https:\/\/berlin-donkeys.de\/index.php\/trainingszeiten\/\" target=\"_blank\" rel=\"noopener\">here<\/a>.<\/p>\n<\/div><\/div><\/div><\/section><\/div><\/div><\/div><\/div><div class=\"vc_row wpb_row vc_row-fluid\"><div class=\"wpb_column vc_column_container vc_col-sm-12\"><div class=\"vc_column-inner\"><div class=\"wpb_wrapper\"><\/div><\/div><\/div><\/div><div class=\"vc_row wpb_row vc_row-fluid\"><div class=\"wpb_column vc_column_container vc_col-sm-12\"><div class=\"vc_column-inner\"><div class=\"wpb_wrapper\"><div class=\"cq-materialslider cq-materialslider-10\" data-autoslide=\"8\" data-elementheight=\"125\" data-titlesize=\"\" data-labelsize=\"\" data-autohide=\"no\"><div class=\"cq-materialslider-container\" data-pos=\"0\"><div class=\"cq-materialslider-slidecontainer\"><div class=\"cq-materialslider-slide\" data-titlecolor=\"\" data-labelcolor=\"\" data-bgcolor=\"rgba(168,214,141,0.5)\"><a class=\"cq-materialslider-link\" href=\"https:\/\/berlin-donkeys.de\/en\/golden-rules\/\" title=\"Golden Rules\" rel=\"\" target=\"\"><div class=\"cq-materialslider-content\"><div class=\"cq-materialslider-text\"><h4 class=\"cq-materialslider-title\">You paid, you play<\/h4><\/div><\/div><\/a><\/div><div class=\"cq-materialslider-slide\" data-titlecolor=\"\" data-labelcolor=\"\" data-bgcolor=\"rgba(168,214,141,0.5)\"><a class=\"cq-materialslider-link\" href=\"https:\/\/berlin-donkeys.de\/en\/golden-rules\/\" title=\"Golden Rules\" rel=\"\" target=\"\"><div class=\"cq-materialslider-content\"><div class=\"cq-materialslider-text\"><h4 class=\"cq-materialslider-title\">``Nicht zuhu Nuhull`` &amp; no chump status!<\/h4><\/div><\/div><\/a><\/div><div class=\"cq-materialslider-slide\" data-titlecolor=\"\" data-labelcolor=\"\" data-bgcolor=\"rgba(168,214,141,0.5)\"><a class=\"cq-materialslider-link\" href=\"https:\/\/berlin-donkeys.de\/en\/golden-rules\/\" title=\"Golden Rules\" rel=\"\" target=\"\"><div class=\"cq-materialslider-content\"><div class=\"cq-materialslider-text\"><h4 class=\"cq-materialslider-title\">Say intention &amp; be reliable<\/h4><\/div><\/div><\/a><\/div><div class=\"cq-materialslider-slide\" data-titlecolor=\"\" data-labelcolor=\"\" data-bgcolor=\"rgba(168,214,141,0.5)\"><a class=\"cq-materialslider-link\" href=\"https:\/\/berlin-donkeys.de\/en\/golden-rules\/\" title=\"Golden Rules\" rel=\"\" target=\"\"><div class=\"cq-materialslider-content\"><div class=\"cq-materialslider-text\"><h4 class=\"cq-materialslider-title\">``I say this only twice`` aka ``Coach is boss, yo``<\/h4><\/div><\/div><\/a><\/div><div class=\"cq-materialslider-slide\" data-titlecolor=\"\" data-labelcolor=\"\" data-bgcolor=\"rgba(168,214,141,0.5)\"><a class=\"cq-materialslider-link\" href=\"https:\/\/berlin-donkeys.de\/en\/golden-rules\/\" title=\"Golden Rules\" rel=\"\" target=\"\"><div class=\"cq-materialslider-content\"><div class=\"cq-materialslider-text\"><h4 class=\"cq-materialslider-title\">No riot before BBQ<\/h4><\/div><\/div><\/a><\/div><div class=\"cq-materialslider-slide\" data-titlecolor=\"\" data-labelcolor=\"\" data-bgcolor=\"rgba(168,214,141,0.5)\"><a class=\"cq-materialslider-link\" href=\"https:\/\/berlin-donkeys.de\/en\/golden-rules\/\" title=\"Golden Rules\" rel=\"\" target=\"\"><div class=\"cq-materialslider-content\"><div class=\"cq-materialslider-text\"><h4 class=\"cq-materialslider-title\">We are ``The Donkeys``, not ``Silverback Gorillas``<\/h4><\/div><\/div><\/a><\/div><div class=\"cq-materialslider-slide\" data-titlecolor=\"\" data-labelcolor=\"\" data-bgcolor=\"rgba(168,214,141,0.5)\"><a class=\"cq-materialslider-link\" href=\"https:\/\/berlin-donkeys.de\/en\/golden-rules\/\" title=\"Golden Rules\" rel=\"\" target=\"\"><div class=\"cq-materialslider-content\"><div class=\"cq-materialslider-text\"><h4 class=\"cq-materialslider-title\">Practice - part of the job!<\/h4><\/div><\/div><\/a><\/div><div class=\"cq-materialslider-slide\" data-titlecolor=\"\" data-labelcolor=\"\" data-bgcolor=\"rgba(168,214,141,0.5)\"><a class=\"cq-materialslider-link\" href=\"https:\/\/berlin-donkeys.de\/en\/golden-rules\/\" title=\"Golden Rules\" rel=\"\" target=\"\"><div class=\"cq-materialslider-content\"><div class=\"cq-materialslider-text\"><h4 class=\"cq-materialslider-title\">Watch the equipment, handle with care<\/h4><\/div><\/div><\/a><\/div><div class=\"cq-materialslider-slide\" data-titlecolor=\"\" data-labelcolor=\"\" data-bgcolor=\"rgba(168,214,141,0.5)\"><a class=\"cq-materialslider-link\" href=\"https:\/\/berlin-donkeys.de\/en\/golden-rules\/\" title=\"Golden Rules\" rel=\"\" target=\"\"><div class=\"cq-materialslider-content\"><div class=\"cq-materialslider-text\"><h4 class=\"cq-materialslider-title\">Have Fun!<\/h4><\/div><\/div><\/a><\/div><div class=\"cq-materialslider-slide\" data-titlecolor=\"\" data-labelcolor=\"\" data-bgcolor=\"rgba(168,214,141,0.5)\"><a class=\"cq-materialslider-link\" href=\"https:\/\/berlin-donkeys.de\/en\/golden-rules\/\" title=\"Golden Rules\" rel=\"\" target=\"\"><div class=\"cq-materialslider-content\"><div class=\"cq-materialslider-text\"><h4 class=\"cq-materialslider-title\">``D`` stands for Donkeys ... and diversity<\/h4><\/div><\/div><\/a><\/div><\/div><div class=\"cq-materialslider-navigation cq-materialslider-dot-\"><span class=\"cq-materialslider-bar\"><\/span><span href=\"#\" class=\"cq-materialslider-dot\" data-pos=\"0\"><\/span><span href=\"#\" class=\"cq-materialslider-dot\" data-pos=\"1\"><\/span><span href=\"#\" class=\"cq-materialslider-dot\" data-pos=\"2\"><\/span><span href=\"#\" class=\"cq-materialslider-dot\" data-pos=\"3\"><\/span><span href=\"#\" class=\"cq-materialslider-dot\" data-pos=\"4\"><\/span><span href=\"#\" class=\"cq-materialslider-dot\" data-pos=\"5\"><\/span><span href=\"#\" class=\"cq-materialslider-dot\" data-pos=\"6\"><\/span><span href=\"#\" class=\"cq-materialslider-dot\" data-pos=\"7\"><\/span><span href=\"#\" class=\"cq-materialslider-dot\" data-pos=\"8\"><\/span><span href=\"#\" class=\"cq-materialslider-dot\" data-pos=\"9\"><\/span><\/div><\/div><\/div><\/div><\/div><\/div><\/div>","protected":false},"excerpt":{"rendered":"Herzlich willkommen bei den DonkeysWir sind das Team mit Berlin im Herzen Die Donkeys sind eine Softball Mannschaft und haben sich 2013 f\u00fcr die Teilnahme an einem Slowpitch Turnier gegr\u00fcndet. Wir sind mittlerweile gewachsen und z\u00e4hlen um die 30 Mitglieder aus unterschiedlichsten Altersgruppen und Spielst\u00e4rken. Man findet uns bei verschiedenen Tunieren in Berlin und dem [...]","protected":false},"author":1,"featured_media":0,"parent":0,"menu_order":0,"comment_status":"closed","ping_status":"open","template":"","meta":{"footnotes":""},"class_list":["post-2","page","type-page","status-publish","hentry"],"yoast_head":"<!-- This site is optimized with the Yoast SEO plugin v27.4 - https:\/\/yoast.com\/product\/yoast-seo-wordpress\/ -->\n<title>Home - Donkeys Berlin<\/title>\n<meta name=\"robots\" content=\"index, follow, max-snippet:-1, max-image-preview:large, max-video-preview:-1\" \/>\n<link rel=\"canonical\" href=\"https:\/\/berlin-donkeys.de\/en\/\" \/>\n<meta property=\"og:locale\" content=\"en_US\" \/>\n<meta property=\"og:type\" content=\"article\" \/>\n<meta property=\"og:title\" content=\"Home - Donkeys Berlin\" \/>\n<meta property=\"og:url\" content=\"https:\/\/berlin-donkeys.de\/en\/\" \/>\n<meta property=\"og:site_name\" content=\"Donkeys Berlin\" \/>\n<meta property=\"article:modified_time\" content=\"2025-02-05T20:30:27+00:00\" \/>\n<meta name=\"twitter:card\" content=\"summary_large_image\" \/>\n<meta name=\"twitter:label1\" content=\"Est. reading time\" \/>\n\t<meta name=\"twitter:data1\" content=\"2 minutes\" \/>\n<script type=\"application\/ld+json\" class=\"yoast-schema-graph\">{\"@context\":\"https:\\\/\\\/schema.org\",\"@graph\":[{\"@type\":\"WebPage\",\"@id\":\"https:\\\/\\\/berlin-donkeys.de\\\/\",\"url\":\"https:\\\/\\\/berlin-donkeys.de\\\/\",\"name\":\"Home - Donkeys Berlin\",\"isPartOf\":{\"@id\":\"https:\\\/\\\/berlin-donkeys.de\\\/#website\"},\"datePublished\":\"2022-09-07T07:02:00+00:00\",\"dateModified\":\"2025-02-05T20:30:27+00:00\",\"breadcrumb\":{\"@id\":\"https:\\\/\\\/berlin-donkeys.de\\\/#breadcrumb\"},\"inLanguage\":\"en-US\",\"potentialAction\":[{\"@type\":\"ReadAction\",\"target\":[\"https:\\\/\\\/berlin-donkeys.de\\\/\"]}]},{\"@type\":\"BreadcrumbList\",\"@id\":\"https:\\\/\\\/berlin-donkeys.de\\\/#breadcrumb\",\"itemListElement\":[{\"@type\":\"ListItem\",\"position\":1,\"name\":\"Home\",\"item\":\"https:\\\/\\\/berlin-donkeys.de\\\/\"},{\"@type\":\"ListItem\",\"position\":2,\"name\":\"Home\"}]},{\"@type\":\"WebSite\",\"@id\":\"https:\\\/\\\/berlin-donkeys.de\\\/#website\",\"url\":\"https:\\\/\\\/berlin-donkeys.de\\\/\",\"name\":\"Berlin Donkeys\",\"description\":\"Die freundlichen Esel aus der Nachbarschaft\",\"publisher\":{\"@id\":\"https:\\\/\\\/berlin-donkeys.de\\\/#organization\"},\"potentialAction\":[{\"@type\":\"SearchAction\",\"target\":{\"@type\":\"EntryPoint\",\"urlTemplate\":\"https:\\\/\\\/berlin-donkeys.de\\\/?s={search_term_string}\"},\"query-input\":{\"@type\":\"PropertyValueSpecification\",\"valueRequired\":true,\"valueName\":\"search_term_string\"}}],\"inLanguage\":\"en-US\"},{\"@type\":\"Organization\",\"@id\":\"https:\\\/\\\/berlin-donkeys.de\\\/#organization\",\"name\":\"Berlin Donkeys\",\"url\":\"https:\\\/\\\/berlin-donkeys.de\\\/\",\"logo\":{\"@type\":\"ImageObject\",\"inLanguage\":\"en-US\",\"@id\":\"https:\\\/\\\/berlin-donkeys.de\\\/#\\\/schema\\\/logo\\\/image\\\/\",\"url\":\"https:\\\/\\\/berlin-donkeys.de\\\/wp-content\\\/uploads\\\/2022\\\/09\\\/Logo2020_Unicorns.png\",\"contentUrl\":\"https:\\\/\\\/berlin-donkeys.de\\\/wp-content\\\/uploads\\\/2022\\\/09\\\/Logo2020_Unicorns.png\",\"width\":500,\"height\":248,\"caption\":\"Berlin Donkeys\"},\"image\":{\"@id\":\"https:\\\/\\\/berlin-donkeys.de\\\/#\\\/schema\\\/logo\\\/image\\\/\"}}]}<\/script>\n<!-- \/ Yoast SEO plugin. -->","yoast_head_json":{"title":"Home - Donkeys Berlin","robots":{"index":"index","follow":"follow","max-snippet":"max-snippet:-1","max-image-preview":"max-image-preview:large","max-video-preview":"max-video-preview:-1"},"canonical":"https:\/\/berlin-donkeys.de\/en\/","og_locale":"en_US","og_type":"article","og_title":"Home - Donkeys Berlin","og_url":"https:\/\/berlin-donkeys.de\/en\/","og_site_name":"Donkeys Berlin","article_modified_time":"2025-02-05T20:30:27+00:00","twitter_card":"summary_large_image","twitter_misc":{"Est. reading time":"2 minutes"},"schema":{"@context":"https:\/\/schema.org","@graph":[{"@type":"WebPage","@id":"https:\/\/berlin-donkeys.de\/","url":"https:\/\/berlin-donkeys.de\/","name":"Home - Donkeys Berlin","isPartOf":{"@id":"https:\/\/berlin-donkeys.de\/#website"},"datePublished":"2022-09-07T07:02:00+00:00","dateModified":"2025-02-05T20:30:27+00:00","breadcrumb":{"@id":"https:\/\/berlin-donkeys.de\/#breadcrumb"},"inLanguage":"en-US","potentialAction":[{"@type":"ReadAction","target":["https:\/\/berlin-donkeys.de\/"]}]},{"@type":"BreadcrumbList","@id":"https:\/\/berlin-donkeys.de\/#breadcrumb","itemListElement":[{"@type":"ListItem","position":1,"name":"Home","item":"https:\/\/berlin-donkeys.de\/"},{"@type":"ListItem","position":2,"name":"Home"}]},{"@type":"WebSite","@id":"https:\/\/berlin-donkeys.de\/#website","url":"https:\/\/berlin-donkeys.de\/","name":"Berlin Donkeys","description":"Die freundlichen Esel aus der Nachbarschaft","publisher":{"@id":"https:\/\/berlin-donkeys.de\/#organization"},"potentialAction":[{"@type":"SearchAction","target":{"@type":"EntryPoint","urlTemplate":"https:\/\/berlin-donkeys.de\/?s={search_term_string}"},"query-input":{"@type":"PropertyValueSpecification","valueRequired":true,"valueName":"search_term_string"}}],"inLanguage":"en-US"},{"@type":"Organization","@id":"https:\/\/berlin-donkeys.de\/#organization","name":"Berlin Donkeys","url":"https:\/\/berlin-donkeys.de\/","logo":{"@type":"ImageObject","inLanguage":"en-US","@id":"https:\/\/berlin-donkeys.de\/#\/schema\/logo\/image\/","url":"https:\/\/berlin-donkeys.de\/wp-content\/uploads\/2022\/09\/Logo2020_Unicorns.png","contentUrl":"https:\/\/berlin-donkeys.de\/wp-content\/uploads\/2022\/09\/Logo2020_Unicorns.png","width":500,"height":248,"caption":"Berlin Donkeys"},"image":{"@id":"https:\/\/berlin-donkeys.de\/#\/schema\/logo\/image\/"}}]}},"jetpack_sharing_enabled":true,"_links":{"self":[{"href":"https:\/\/berlin-donkeys.de\/en\/wp-json\/wp\/v2\/pages\/2","targetHints":{"allow":["GET"]}}],"collection":[{"href":"https:\/\/berlin-donkeys.de\/en\/wp-json\/wp\/v2\/pages"}],"about":[{"href":"https:\/\/berlin-donkeys.de\/en\/wp-json\/wp\/v2\/types\/page"}],"author":[{"embeddable":true,"href":"https:\/\/berlin-donkeys.de\/en\/wp-json\/wp\/v2\/users\/1"}],"replies":[{"embeddable":true,"href":"https:\/\/berlin-donkeys.de\/en\/wp-json\/wp\/v2\/comments?post=2"}],"version-history":[{"count":28,"href":"https:\/\/berlin-donkeys.de\/en\/wp-json\/wp\/v2\/pages\/2\/revisions"}],"predecessor-version":[{"id":1332,"href":"https:\/\/berlin-donkeys.de\/en\/wp-json\/wp\/v2\/pages\/2\/revisions\/1332"}],"wp:attachment":[{"href":"https:\/\/berlin-donkeys.de\/en\/wp-json\/wp\/v2\/media?parent=2"}],"curies":[{"name":"wp","href":"https:\/\/api.w.org\/{rel}","templated":true}]}}