{"id":1077,"date":"2023-03-02T14:46:01","date_gmt":"2023-03-02T13:46:01","guid":{"rendered":"https:\/\/berlin-donkeys.de\/?page_id=1077"},"modified":"2023-03-02T14:46:01","modified_gmt":"2023-03-02T13:46:01","slug":"golden-rules","status":"publish","type":"page","link":"https:\/\/berlin-donkeys.de\/en\/golden-rules\/","title":{"rendered":"Golden Rules"},"content":{"rendered":"<div class=\"vc_row wpb_row vc_row-fluid\"><div class=\"wpb_column vc_column_container vc_col-sm-12\"><div class=\"vc_column-inner\"><div class=\"wpb_wrapper\">\n\t<div class=\"wpb_text_column wpb_content_element\" >\n\t\t<div class=\"wpb_wrapper\">\n\t\t\t<p>Aside from a good meal and cool schnapps, the Donkeys also value their agreed upon values. If you see yourself in this, come to us and get to know us better<\/p>\n\n\t\t<\/div>\n\t<\/div>\n<div class=\"smile_icon_list_wrap ult_info_list_container ult-adjust-bottom-margin\"><ul class=\"smile_icon_list right circle with_bg\"><li class=\"icon_list_item\" style=\" font-size:60px;\"><div class=\"icon_list_icon\" data-animation=\"pulse\" data-animation-delay=\"03\" style=\"font-size:20px;border-width:1px;border-style:none;background:#dd3333;color:#ffffff;border-color:#333333;\"><i class=\"Defaults-tag\" ><\/i><\/div><div class=\"icon_description\" id=\"Info-list-wrap-9035\" style=\"font-size:20px;\"><h3 class=\"ult-responsive info-list-heading\"  data-ultimate-target='#Info-list-wrap-9035 h3'  data-responsive-json-new='{\"font-size\":\"desktop:16px;\",\"line-height\":\"desktop:24px;\"}'  style=\"\">1. You Paid, You Play<\/h3><div class=\"icon_description_text ult-responsive\"  data-ultimate-target='#Info-list-wrap-9035 .icon_description_text'  data-responsive-json-new='{\"font-size\":\"desktop:13px;\",\"line-height\":\"desktop:18px;\"}'  style=\"\"><\/div><\/div><div class=\"icon_list_connector\"  style=\"border-left-width: 1px;border-left-style: dashed;border-color: #333333;\"><\/div><\/li><li class=\"icon_list_item\" style=\" font-size:60px;\"><div class=\"icon_list_icon\" data-animation=\"pulse\" data-animation-delay=\"03\" style=\"font-size:20px;border-width:1px;border-style:none;background:#dd3333;color:#ffffff;border-color:#333333;\"><i class=\"Defaults-tag\" ><\/i><\/div><div class=\"icon_description\" id=\"Info-list-wrap-9102\" style=\"font-size:20px;\"><h3 class=\"ult-responsive info-list-heading\"  data-ultimate-target='#Info-list-wrap-9102 h3'  data-responsive-json-new='{\"font-size\":\"desktop:16px;\",\"line-height\":\"desktop:24px;\"}'  style=\"\">2. ``Nicht zuuuhuuu Nuuuhuuull`` &amp; no chump status!<\/h3><div class=\"icon_description_text ult-responsive\"  data-ultimate-target='#Info-list-wrap-9102 .icon_description_text'  data-responsive-json-new='{\"font-size\":\"desktop:13px;\",\"line-height\":\"desktop:18px;\"}'  style=\"\"><\/div><\/div><div class=\"icon_list_connector\"  style=\"border-left-width: 1px;border-left-style: dashed;border-color: #333333;\"><\/div><\/li><li class=\"icon_list_item\" style=\" font-size:60px;\"><div class=\"icon_list_icon\" data-animation=\"pulse\" data-animation-delay=\"03\" style=\"font-size:20px;border-width:1px;border-style:none;background:#dd3333;color:#ffffff;border-color:#333333;\"><i class=\"Defaults-tag\" ><\/i><\/div><div class=\"icon_description\" id=\"Info-list-wrap-7399\" style=\"font-size:20px;\"><h3 class=\"ult-responsive info-list-heading\"  data-ultimate-target='#Info-list-wrap-7399 h3'  data-responsive-json-new='{\"font-size\":\"desktop:16px;\",\"line-height\":\"desktop:24px;\"}'  style=\"\">3. Say intention &amp; be reliable<\/h3><div class=\"icon_description_text ult-responsive\"  data-ultimate-target='#Info-list-wrap-7399 .icon_description_text'  data-responsive-json-new='{\"font-size\":\"desktop:13px;\",\"line-height\":\"desktop:18px;\"}'  style=\"\"><\/div><\/div><div class=\"icon_list_connector\"  style=\"border-left-width: 1px;border-left-style: dashed;border-color: #333333;\"><\/div><\/li><li class=\"icon_list_item\" style=\" font-size:60px;\"><div class=\"icon_list_icon\" data-animation=\"pulse\" data-animation-delay=\"03\" style=\"font-size:20px;border-width:1px;border-style:none;background:#dd3333;color:#ffffff;border-color:#333333;\"><i class=\"Defaults-tag\" ><\/i><\/div><div class=\"icon_description\" id=\"Info-list-wrap-9898\" style=\"font-size:20px;\"><h3 class=\"ult-responsive info-list-heading\"  data-ultimate-target='#Info-list-wrap-9898 h3'  data-responsive-json-new='{\"font-size\":\"desktop:16px;\",\"line-height\":\"desktop:24px;\"}'  style=\"\">4. ``I say this only twice!`` aka. ``Coach is boss, yo!``<\/h3><div class=\"icon_description_text ult-responsive\"  data-ultimate-target='#Info-list-wrap-9898 .icon_description_text'  data-responsive-json-new='{\"font-size\":\"desktop:13px;\",\"line-height\":\"desktop:18px;\"}'  style=\"\"><\/div><\/div><div class=\"icon_list_connector\"  style=\"border-left-width: 1px;border-left-style: dashed;border-color: #333333;\"><\/div><\/li><li class=\"icon_list_item\" style=\" font-size:60px;\"><div class=\"icon_list_icon\" data-animation=\"pulse\" data-animation-delay=\"03\" style=\"font-size:20px;border-width:1px;border-style:none;background:#dd3333;color:#ffffff;border-color:#333333;\"><i class=\"Defaults-tag\" ><\/i><\/div><div class=\"icon_description\" id=\"Info-list-wrap-7265\" style=\"font-size:20px;\"><h3 class=\"ult-responsive info-list-heading\"  data-ultimate-target='#Info-list-wrap-7265 h3'  data-responsive-json-new='{\"font-size\":\"desktop:16px;\",\"line-height\":\"desktop:24px;\"}'  style=\"\">5. No riot before BBQ<\/h3><div class=\"icon_description_text ult-responsive\"  data-ultimate-target='#Info-list-wrap-7265 .icon_description_text'  data-responsive-json-new='{\"font-size\":\"desktop:13px;\",\"line-height\":\"desktop:18px;\"}'  style=\"\"><\/div><\/div><div class=\"icon_list_connector\"  style=\"border-left-width: 1px;border-left-style: dashed;border-color: #333333;\"><\/div><\/li><li class=\"icon_list_item\" style=\" font-size:60px;\"><div class=\"icon_list_icon\" data-animation=\"pulse\" data-animation-delay=\"03\" style=\"font-size:20px;border-width:1px;border-style:none;background:#dd3333;color:#ffffff;border-color:#333333;\"><i class=\"Defaults-tag\" ><\/i><\/div><div class=\"icon_description\" id=\"Info-list-wrap-3522\" style=\"font-size:20px;\"><h3 class=\"ult-responsive info-list-heading\"  data-ultimate-target='#Info-list-wrap-3522 h3'  data-responsive-json-new='{\"font-size\":\"desktop:16px;\",\"line-height\":\"desktop:24px;\"}'  style=\"\">6. We are ``The Donkeys``, not ``Silverback Gorillas``<\/h3><div class=\"icon_description_text ult-responsive\"  data-ultimate-target='#Info-list-wrap-3522 .icon_description_text'  data-responsive-json-new='{\"font-size\":\"desktop:13px;\",\"line-height\":\"desktop:18px;\"}'  style=\"\"><\/div><\/div><div class=\"icon_list_connector\"  style=\"border-left-width: 1px;border-left-style: dashed;border-color: #333333;\"><\/div><\/li><li class=\"icon_list_item\" style=\" font-size:60px;\"><div class=\"icon_list_icon\" data-animation=\"pulse\" data-animation-delay=\"03\" style=\"font-size:20px;border-width:1px;border-style:none;background:#dd3333;color:#ffffff;border-color:#333333;\"><i class=\"Defaults-tag\" ><\/i><\/div><div class=\"icon_description\" id=\"Info-list-wrap-5465\" style=\"font-size:20px;\"><h3 class=\"ult-responsive info-list-heading\"  data-ultimate-target='#Info-list-wrap-5465 h3'  data-responsive-json-new='{\"font-size\":\"desktop:16px;\",\"line-height\":\"desktop:24px;\"}'  style=\"\">7. Practice - part of the job!<\/h3><div class=\"icon_description_text ult-responsive\"  data-ultimate-target='#Info-list-wrap-5465 .icon_description_text'  data-responsive-json-new='{\"font-size\":\"desktop:13px;\",\"line-height\":\"desktop:18px;\"}'  style=\"\"><\/div><\/div><div class=\"icon_list_connector\"  style=\"border-left-width: 1px;border-left-style: dashed;border-color: #333333;\"><\/div><\/li><li class=\"icon_list_item\" style=\" font-size:60px;\"><div class=\"icon_list_icon\" data-animation=\"pulse\" data-animation-delay=\"03\" style=\"font-size:20px;border-width:1px;border-style:none;background:#dd3333;color:#ffffff;border-color:#333333;\"><i class=\"Defaults-tag\" ><\/i><\/div><div class=\"icon_description\" id=\"Info-list-wrap-6263\" style=\"font-size:20px;\"><h3 class=\"ult-responsive info-list-heading\"  data-ultimate-target='#Info-list-wrap-6263 h3'  data-responsive-json-new='{\"font-size\":\"desktop:16px;\",\"line-height\":\"desktop:24px;\"}'  style=\"\">8. Watch the equipment, handle with care<\/h3><div class=\"icon_description_text ult-responsive\"  data-ultimate-target='#Info-list-wrap-6263 .icon_description_text'  data-responsive-json-new='{\"font-size\":\"desktop:13px;\",\"line-height\":\"desktop:18px;\"}'  style=\"\"><\/div><\/div><div class=\"icon_list_connector\"  style=\"border-left-width: 1px;border-left-style: dashed;border-color: #333333;\"><\/div><\/li><li class=\"icon_list_item\" style=\" font-size:60px;\"><div class=\"icon_list_icon\" data-animation=\"pulse\" data-animation-delay=\"03\" style=\"font-size:20px;border-width:1px;border-style:none;background:#dd3333;color:#ffffff;border-color:#333333;\"><i class=\"Defaults-tag\" ><\/i><\/div><div class=\"icon_description\" id=\"Info-list-wrap-4046\" style=\"font-size:20px;\"><h3 class=\"ult-responsive info-list-heading\"  data-ultimate-target='#Info-list-wrap-4046 h3'  data-responsive-json-new='{\"font-size\":\"desktop:16px;\",\"line-height\":\"desktop:24px;\"}'  style=\"\">9. ``D`` stands for Donkeys ... and diversity<\/h3><div class=\"icon_description_text ult-responsive\"  data-ultimate-target='#Info-list-wrap-4046 .icon_description_text'  data-responsive-json-new='{\"font-size\":\"desktop:13px;\",\"line-height\":\"desktop:18px;\"}'  style=\"\"><\/div><\/div><div class=\"icon_list_connector\"  style=\"border-left-width: 1px;border-left-style: dashed;border-color: #333333;\"><\/div><\/li><li class=\"icon_list_item\" style=\" font-size:60px;\"><div class=\"icon_list_icon\" data-animation=\"pulse\" data-animation-delay=\"03\" style=\"font-size:20px;border-width:1px;border-style:none;background:#dd3333;color:#ffffff;border-color:#333333;\"><i class=\"Defaults-tag\" ><\/i><\/div><div class=\"icon_description\" id=\"Info-list-wrap-9582\" style=\"font-size:20px;\"><h3 class=\"ult-responsive info-list-heading\"  data-ultimate-target='#Info-list-wrap-9582 h3'  data-responsive-json-new='{\"font-size\":\"desktop:16px;\",\"line-height\":\"desktop:24px;\"}'  style=\"\">10. Have fun!<\/h3><div class=\"icon_description_text ult-responsive\"  data-ultimate-target='#Info-list-wrap-9582 .icon_description_text'  data-responsive-json-new='{\"font-size\":\"desktop:13px;\",\"line-height\":\"desktop:18px;\"}'  style=\"\"><\/div><\/div><div class=\"icon_list_connector\"  style=\"border-left-width: 1px;border-left-style: dashed;border-color: #333333;\"><\/div><\/li><\/ul><\/div><\/div><\/div><\/div><\/div>","protected":false},"excerpt":{"rendered":"Abgesehen von einem guten Essen und k\u00fchlem Korn sch\u00e4tzen die Donkeys auch ihre vereinbarten Werte. Wenn du dich darin wiederfindest, komm zu uns und lern uns gerne n\u00e4her kennen 1. You Paid, You Play2. ``Nicht zuuuhuuu Nuuuhuuull`` &amp; no chump status!3. Say intention &amp; be reliable4. ``I say this only twice!`` aka. ``Coach is boss, [...]","protected":false},"author":1,"featured_media":0,"parent":0,"menu_order":0,"comment_status":"closed","ping_status":"closed","template":"","meta":{"footnotes":""},"class_list":["post-1077","page","type-page","status-publish","hentry"],"yoast_head":"<!-- This site is optimized with the Yoast SEO plugin v27.4 - https:\/\/yoast.com\/product\/yoast-seo-wordpress\/ -->\n<title>Golden Rules - Donkeys Berlin<\/title>\n<meta name=\"robots\" content=\"index, follow, max-snippet:-1, max-image-preview:large, max-video-preview:-1\" \/>\n<link rel=\"canonical\" href=\"https:\/\/berlin-donkeys.de\/en\/golden-rules\/\" \/>\n<meta property=\"og:locale\" content=\"en_US\" \/>\n<meta property=\"og:type\" content=\"article\" \/>\n<meta property=\"og:title\" content=\"Golden Rules - Donkeys Berlin\" \/>\n<meta property=\"og:url\" content=\"https:\/\/berlin-donkeys.de\/en\/golden-rules\/\" \/>\n<meta property=\"og:site_name\" content=\"Donkeys Berlin\" \/>\n<meta name=\"twitter:card\" content=\"summary_large_image\" \/>\n<meta name=\"twitter:label1\" content=\"Est. reading time\" \/>\n\t<meta name=\"twitter:data1\" content=\"1 minute\" \/>\n<script type=\"application\/ld+json\" class=\"yoast-schema-graph\">{\"@context\":\"https:\\\/\\\/schema.org\",\"@graph\":[{\"@type\":\"WebPage\",\"@id\":\"https:\\\/\\\/berlin-donkeys.de\\\/golden-rules\\\/\",\"url\":\"https:\\\/\\\/berlin-donkeys.de\\\/golden-rules\\\/\",\"name\":\"Golden Rules - Donkeys Berlin\",\"isPartOf\":{\"@id\":\"https:\\\/\\\/berlin-donkeys.de\\\/#website\"},\"datePublished\":\"2023-03-02T13:46:01+00:00\",\"breadcrumb\":{\"@id\":\"https:\\\/\\\/berlin-donkeys.de\\\/golden-rules\\\/#breadcrumb\"},\"inLanguage\":\"en-US\",\"potentialAction\":[{\"@type\":\"ReadAction\",\"target\":[\"https:\\\/\\\/berlin-donkeys.de\\\/golden-rules\\\/\"]}]},{\"@type\":\"BreadcrumbList\",\"@id\":\"https:\\\/\\\/berlin-donkeys.de\\\/golden-rules\\\/#breadcrumb\",\"itemListElement\":[{\"@type\":\"ListItem\",\"position\":1,\"name\":\"Home\",\"item\":\"https:\\\/\\\/berlin-donkeys.de\\\/\"},{\"@type\":\"ListItem\",\"position\":2,\"name\":\"Golden Rules\"}]},{\"@type\":\"WebSite\",\"@id\":\"https:\\\/\\\/berlin-donkeys.de\\\/#website\",\"url\":\"https:\\\/\\\/berlin-donkeys.de\\\/\",\"name\":\"Berlin Donkeys\",\"description\":\"Die freundlichen Esel aus der Nachbarschaft\",\"publisher\":{\"@id\":\"https:\\\/\\\/berlin-donkeys.de\\\/#organization\"},\"potentialAction\":[{\"@type\":\"SearchAction\",\"target\":{\"@type\":\"EntryPoint\",\"urlTemplate\":\"https:\\\/\\\/berlin-donkeys.de\\\/?s={search_term_string}\"},\"query-input\":{\"@type\":\"PropertyValueSpecification\",\"valueRequired\":true,\"valueName\":\"search_term_string\"}}],\"inLanguage\":\"en-US\"},{\"@type\":\"Organization\",\"@id\":\"https:\\\/\\\/berlin-donkeys.de\\\/#organization\",\"name\":\"Berlin Donkeys\",\"url\":\"https:\\\/\\\/berlin-donkeys.de\\\/\",\"logo\":{\"@type\":\"ImageObject\",\"inLanguage\":\"en-US\",\"@id\":\"https:\\\/\\\/berlin-donkeys.de\\\/#\\\/schema\\\/logo\\\/image\\\/\",\"url\":\"https:\\\/\\\/berlin-donkeys.de\\\/wp-content\\\/uploads\\\/2022\\\/09\\\/Logo2020_Unicorns.png\",\"contentUrl\":\"https:\\\/\\\/berlin-donkeys.de\\\/wp-content\\\/uploads\\\/2022\\\/09\\\/Logo2020_Unicorns.png\",\"width\":500,\"height\":248,\"caption\":\"Berlin Donkeys\"},\"image\":{\"@id\":\"https:\\\/\\\/berlin-donkeys.de\\\/#\\\/schema\\\/logo\\\/image\\\/\"}}]}<\/script>\n<!-- \/ Yoast SEO plugin. -->","yoast_head_json":{"title":"Golden Rules - Donkeys Berlin","robots":{"index":"index","follow":"follow","max-snippet":"max-snippet:-1","max-image-preview":"max-image-preview:large","max-video-preview":"max-video-preview:-1"},"canonical":"https:\/\/berlin-donkeys.de\/en\/golden-rules\/","og_locale":"en_US","og_type":"article","og_title":"Golden Rules - Donkeys Berlin","og_url":"https:\/\/berlin-donkeys.de\/en\/golden-rules\/","og_site_name":"Donkeys Berlin","twitter_card":"summary_large_image","twitter_misc":{"Est. reading time":"1 minute"},"schema":{"@context":"https:\/\/schema.org","@graph":[{"@type":"WebPage","@id":"https:\/\/berlin-donkeys.de\/golden-rules\/","url":"https:\/\/berlin-donkeys.de\/golden-rules\/","name":"Golden Rules - Donkeys Berlin","isPartOf":{"@id":"https:\/\/berlin-donkeys.de\/#website"},"datePublished":"2023-03-02T13:46:01+00:00","breadcrumb":{"@id":"https:\/\/berlin-donkeys.de\/golden-rules\/#breadcrumb"},"inLanguage":"en-US","potentialAction":[{"@type":"ReadAction","target":["https:\/\/berlin-donkeys.de\/golden-rules\/"]}]},{"@type":"BreadcrumbList","@id":"https:\/\/berlin-donkeys.de\/golden-rules\/#breadcrumb","itemListElement":[{"@type":"ListItem","position":1,"name":"Home","item":"https:\/\/berlin-donkeys.de\/"},{"@type":"ListItem","position":2,"name":"Golden Rules"}]},{"@type":"WebSite","@id":"https:\/\/berlin-donkeys.de\/#website","url":"https:\/\/berlin-donkeys.de\/","name":"Berlin Donkeys","description":"Die freundlichen Esel aus der Nachbarschaft","publisher":{"@id":"https:\/\/berlin-donkeys.de\/#organization"},"potentialAction":[{"@type":"SearchAction","target":{"@type":"EntryPoint","urlTemplate":"https:\/\/berlin-donkeys.de\/?s={search_term_string}"},"query-input":{"@type":"PropertyValueSpecification","valueRequired":true,"valueName":"search_term_string"}}],"inLanguage":"en-US"},{"@type":"Organization","@id":"https:\/\/berlin-donkeys.de\/#organization","name":"Berlin Donkeys","url":"https:\/\/berlin-donkeys.de\/","logo":{"@type":"ImageObject","inLanguage":"en-US","@id":"https:\/\/berlin-donkeys.de\/#\/schema\/logo\/image\/","url":"https:\/\/berlin-donkeys.de\/wp-content\/uploads\/2022\/09\/Logo2020_Unicorns.png","contentUrl":"https:\/\/berlin-donkeys.de\/wp-content\/uploads\/2022\/09\/Logo2020_Unicorns.png","width":500,"height":248,"caption":"Berlin Donkeys"},"image":{"@id":"https:\/\/berlin-donkeys.de\/#\/schema\/logo\/image\/"}}]}},"jetpack_sharing_enabled":true,"_links":{"self":[{"href":"https:\/\/berlin-donkeys.de\/en\/wp-json\/wp\/v2\/pages\/1077","targetHints":{"allow":["GET"]}}],"collection":[{"href":"https:\/\/berlin-donkeys.de\/en\/wp-json\/wp\/v2\/pages"}],"about":[{"href":"https:\/\/berlin-donkeys.de\/en\/wp-json\/wp\/v2\/types\/page"}],"author":[{"embeddable":true,"href":"https:\/\/berlin-donkeys.de\/en\/wp-json\/wp\/v2\/users\/1"}],"replies":[{"embeddable":true,"href":"https:\/\/berlin-donkeys.de\/en\/wp-json\/wp\/v2\/comments?post=1077"}],"version-history":[{"count":14,"href":"https:\/\/berlin-donkeys.de\/en\/wp-json\/wp\/v2\/pages\/1077\/revisions"}],"predecessor-version":[{"id":1091,"href":"https:\/\/berlin-donkeys.de\/en\/wp-json\/wp\/v2\/pages\/1077\/revisions\/1091"}],"wp:attachment":[{"href":"https:\/\/berlin-donkeys.de\/en\/wp-json\/wp\/v2\/media?parent=1077"}],"curies":[{"name":"wp","href":"https:\/\/api.w.org\/{rel}","templated":true}]}}